{"id":341,"date":"2019-11-16T14:32:25","date_gmt":"2019-11-16T11:32:25","guid":{"rendered":"https:\/\/cag-mak.com\/?page_id=341"},"modified":"2019-11-16T14:35:07","modified_gmt":"2019-11-16T11:35:07","slug":"maintenance","status":"publish","type":"page","link":"https:\/\/cag-mak.com\/en\/services\/maintenance\/","title":{"rendered":"Maintenance"},"content":{"rendered":"<div id='full_slider_1'  class='avia-fullwidth-slider main_color avia-shadow   avia-builder-el-0  el_before_av_two_fifth  avia-builder-el-first   container_wrap fullsize'  ><div   data-size='no scaling'  data-lightbox_size='large'  data-animation='slide'  data-conditional_play=''  data-ids='242'  data-video_counter='0'  data-autoplay='false'  data-bg_slider='false'  data-slide_height=''  data-handle='av_slideshow_full'  data-interval='5'  data-class=' '  data-el_id=''  data-css_id=''  data-scroll_down=''  data-control_layout='av-control-default'  data-custom_markup=''  data-perma_caption=''  data-autoplay_stopper=''  data-image_attachment=''  data-min_height='0px'  data-lazy_loading='disabled'  data-src=''  data-position='top left'  data-repeat='no-repeat'  data-attach='scroll'  data-stretch=''  data-img_scrset=''  class='avia-slideshow avia-slideshow-1  av-control-default av-default-height-applied avia-slideshow-no scaling av_slideshow_full   avia-slide-slider '  itemprop=\"image\" itemscope=\"itemscope\" itemtype=\"https:\/\/schema.org\/ImageObject\" ><ul class='avia-slideshow-inner ' style='padding-bottom: 15.625%;' ><li  class=' av-single-slide slide-1 ' ><div data-rel='slideshow-1' class='avia-slide-wrap '   ><div class = \"caption_fullwidth av-slideshow-caption caption_bottom\"><div class = \"container caption_container\"><div class = \"slideshow_caption\"><div class = \"slideshow_inner_caption\"><div class = \"slideshow_align_caption\"><h2  style='font-size:48px; color:#ffffff; ' class='avia-caption-title  '  itemprop=\"name\" >New Building<\/h2><\/div><\/div><\/div><\/div><\/div><img class=\"wp-image-242 avia-img-lazy-loading-not-242\"  src=\"https:\/\/cag-mak.com\/wp-content\/uploads\/2019\/08\/cag-mak-services.jpg\" width=\"1920\" height=\"300\" title='cag-mak-services' alt=''  itemprop=\"thumbnailUrl\" srcset=\"https:\/\/cag-mak.com\/wp-content\/uploads\/2019\/08\/cag-mak-services.jpg 1920w, https:\/\/cag-mak.com\/wp-content\/uploads\/2019\/08\/cag-mak-services-300x47.jpg 300w, https:\/\/cag-mak.com\/wp-content\/uploads\/2019\/08\/cag-mak-services-768x120.jpg 768w, https:\/\/cag-mak.com\/wp-content\/uploads\/2019\/08\/cag-mak-services-1030x161.jpg 1030w, https:\/\/cag-mak.com\/wp-content\/uploads\/2019\/08\/cag-mak-services-1500x234.jpg 1500w, https:\/\/cag-mak.com\/wp-content\/uploads\/2019\/08\/cag-mak-services-705x110.jpg 705w, https:\/\/cag-mak.com\/wp-content\/uploads\/2019\/08\/cag-mak-services-450x70.jpg 450w\" sizes=\"(max-width: 1920px) 100vw, 1920px\" \/><div class='av-section-color-overlay' style='opacity: 0.3; background-color: #000000; background-image: url(https:\/\/cag-mak.com\/wp-content\/themes\/novasta\/images\/background-images\/dots-mini-strong.png); background-repeat: repeat;'><\/div><\/div><\/li><\/ul><\/div><\/div><div id='after_full_slider_1'  class='main_color av_default_container_wrap container_wrap fullsize'  ><div class='container av-section-cont-open' ><div class='template-page content  av-content-full alpha units'><div class='post-entry post-entry-type-page post-entry-341'><div class='entry-content-wrapper clearfix'>\n\n<style type=\"text\/css\" data-created_by=\"avia_inline_auto\" id=\"style-css-av-7u70-af65faf292bc88a45a9d50b862f5e948\">\n.flex_column.av-7u70-af65faf292bc88a45a9d50b862f5e948{\nborder-radius:0px 0px 0px 0px;\n-webkit-border-radius:0px 0px 0px 0px;\n-moz-border-radius:0px 0px 0px 0px;\n}\n<\/style>\n<div class='flex_column av-7u70-af65faf292bc88a45a9d50b862f5e948 av_two_fifth  avia-builder-el-1  el_after_av_slideshow_full  el_before_av_three_fifth  avia-builder-el-first  first flex_column_div av-zero-column-padding '   ><p>\n<style type=\"text\/css\" data-created_by=\"avia_inline_auto\" id=\"style-css-av-k31hbbfy-60371195139f8ae99502a5a8ccc35742\">\n#top .av-special-heading.av-k31hbbfy-60371195139f8ae99502a5a8ccc35742{\npadding-bottom:10px;\nfont-size:52px;\n}\n.av-special-heading.av-k31hbbfy-60371195139f8ae99502a5a8ccc35742 .av-subheading{\nfont-size:24px;\n}\n<\/style>\n<div  class='av-special-heading av-k31hbbfy-60371195139f8ae99502a5a8ccc35742 av-special-heading-h3 blockquote modern-quote  avia-builder-el-2  el_before_av_textblock  avia-builder-el-first  av-inherit-size '><h3 class='av-special-heading-tag '  itemprop=\"headline\"  >Maintenance<\/h3><div class='av-subheading av-subheading_below '><p>Maintenance of Main Engines and Mechinery Equipments<\/p>\n<\/div><div class='special-heading-border'><div class='special-heading-inner-border'><\/div><\/div><\/div><br \/>\n<section  class='av_textblock_section av-jzznaht2-2793975b4abf659b9db9456c2411872c '  itemscope=\"itemscope\" itemtype=\"https:\/\/schema.org\/CreativeWork\" ><div class='avia_textblock '  itemprop=\"text\" ><p>\u00c7a\u011f-Mak aims to provide the customer with a fast and simple maintemance operations.<\/p>\n<p><strong>Maintenance of;<\/strong><\/p>\n<ul>\n<li>Sea water, fresh water, fuel pumps,<\/li>\n<li>Manufacture and processing of pump impellers<\/li>\n<li>Hydrolic pistons repair and renovation<\/li>\n<li>Main Engine and pumps coupling re-assembly and re-alignment and control reports.<\/li>\n<\/ul>\n<\/div><\/section><\/p><\/div>\n<style type=\"text\/css\" data-created_by=\"avia_inline_auto\" id=\"style-css-av-13p9g-5933b5ade70c9575caa589adf5b28bb6\">\n.flex_column.av-13p9g-5933b5ade70c9575caa589adf5b28bb6{\nborder-radius:0px 0px 0px 0px;\n-webkit-border-radius:0px 0px 0px 0px;\n-moz-border-radius:0px 0px 0px 0px;\n}\n<\/style>\n<div class='flex_column av-13p9g-5933b5ade70c9575caa589adf5b28bb6 av_three_fifth  avia-builder-el-4  el_after_av_two_fifth  avia-builder-el-last  flex_column_div av-zero-column-padding '   ><p>\n<style type=\"text\/css\" data-created_by=\"avia_inline_auto\" id=\"style-css-av-k20ben10-210e98c7e6996f4ba5852833c275da9b\">\n#top .avia-gallery.av-k20ben10-210e98c7e6996f4ba5852833c275da9b .avia-gallery-thumb a{\nwidth:20%;\n}\n<\/style>\n<div  class='avia-gallery av-k20ben10-210e98c7e6996f4ba5852833c275da9b avia_animate_when_visible  avia-builder-el-5  el_before_av_textblock  avia-builder-el-first  avia_lazyload avia-gallery-animate  avia-gallery-1'  itemprop=\"image\" itemscope=\"itemscope\" itemtype=\"https:\/\/schema.org\/ImageObject\" ><div class='avia-gallery-thumb'> <a href=\"https:\/\/cag-mak.com\/wp-content\/uploads\/2019\/11\/30082010236-1030x773.jpg\" data-srcset=\"https:\/\/cag-mak.com\/wp-content\/uploads\/2019\/11\/30082010236-1030x773.jpg 1030w, https:\/\/cag-mak.com\/wp-content\/uploads\/2019\/11\/30082010236-300x225.jpg 300w, https:\/\/cag-mak.com\/wp-content\/uploads\/2019\/11\/30082010236-768x576.jpg 768w, https:\/\/cag-mak.com\/wp-content\/uploads\/2019\/11\/30082010236-1500x1125.jpg 1500w, https:\/\/cag-mak.com\/wp-content\/uploads\/2019\/11\/30082010236-705x529.jpg 705w, https:\/\/cag-mak.com\/wp-content\/uploads\/2019\/11\/30082010236-450x338.jpg 450w\" data-sizes=\"(max-width: 1030px) 100vw, 1030px\" data-rel='gallery-1' data-prev-img='https:\/\/cag-mak.com\/wp-content\/uploads\/2019\/11\/30082010236-495x400.jpg' class='first_thumb lightbox ' data-onclick='1' title='30082010236'  itemprop=\"thumbnailUrl\"  ><img class=\"wp-image-347 avia-img-lazy-loading-not-347\"   src=\"https:\/\/cag-mak.com\/wp-content\/uploads\/2019\/11\/30082010236-495x400.jpg\" width=\"495\" height=\"400\"  title='30082010236' alt='' srcset=\"https:\/\/cag-mak.com\/wp-content\/uploads\/2019\/11\/30082010236-495x400.jpg 495w, https:\/\/cag-mak.com\/wp-content\/uploads\/2019\/11\/30082010236-845x684.jpg 845w\" sizes=\"(max-width: 495px) 100vw, 495px\" \/><\/a> <a href=\"https:\/\/cag-mak.com\/wp-content\/uploads\/2019\/11\/SDC12185.jpg\" data-srcset=\"https:\/\/cag-mak.com\/wp-content\/uploads\/2019\/11\/SDC12185.jpg 1024w, https:\/\/cag-mak.com\/wp-content\/uploads\/2019\/11\/SDC12185-300x225.jpg 300w, https:\/\/cag-mak.com\/wp-content\/uploads\/2019\/11\/SDC12185-768x576.jpg 768w, https:\/\/cag-mak.com\/wp-content\/uploads\/2019\/11\/SDC12185-705x529.jpg 705w, https:\/\/cag-mak.com\/wp-content\/uploads\/2019\/11\/SDC12185-450x338.jpg 450w\" data-sizes=\"(max-width: 1024px) 100vw, 1024px\" data-rel='gallery-1' data-prev-img='https:\/\/cag-mak.com\/wp-content\/uploads\/2019\/11\/SDC12185-495x400.jpg' class='lightbox ' data-onclick='2' title='SDC12185'  itemprop=\"thumbnailUrl\"  ><img class=\"wp-image-344 avia-img-lazy-loading-not-344\"   src=\"https:\/\/cag-mak.com\/wp-content\/uploads\/2019\/11\/SDC12185-495x400.jpg\" width=\"495\" height=\"400\"  title='SDC12185' alt='' srcset=\"https:\/\/cag-mak.com\/wp-content\/uploads\/2019\/11\/SDC12185-495x400.jpg 495w, https:\/\/cag-mak.com\/wp-content\/uploads\/2019\/11\/SDC12185-845x684.jpg 845w\" sizes=\"(max-width: 495px) 100vw, 495px\" \/><\/a> <a href=\"https:\/\/cag-mak.com\/wp-content\/uploads\/2019\/11\/Piston-Ete\u011fi-6.jpg\" data-srcset=\"https:\/\/cag-mak.com\/wp-content\/uploads\/2019\/11\/Piston-Ete\u011fi-6.jpg 1024w, https:\/\/cag-mak.com\/wp-content\/uploads\/2019\/11\/Piston-Ete\u011fi-6-300x225.jpg 300w, https:\/\/cag-mak.com\/wp-content\/uploads\/2019\/11\/Piston-Ete\u011fi-6-768x576.jpg 768w, https:\/\/cag-mak.com\/wp-content\/uploads\/2019\/11\/Piston-Ete\u011fi-6-705x529.jpg 705w, https:\/\/cag-mak.com\/wp-content\/uploads\/2019\/11\/Piston-Ete\u011fi-6-450x338.jpg 450w\" data-sizes=\"(max-width: 1024px) 100vw, 1024px\" data-rel='gallery-1' data-prev-img='https:\/\/cag-mak.com\/wp-content\/uploads\/2019\/11\/Piston-Ete\u011fi-6-495x400.jpg' class='lightbox ' data-onclick='3' title='Piston Ete\u011fi (6)'  itemprop=\"thumbnailUrl\"  ><img class=\"wp-image-345 avia-img-lazy-loading-not-345\"   src=\"https:\/\/cag-mak.com\/wp-content\/uploads\/2019\/11\/Piston-Ete\u011fi-6-495x400.jpg\" width=\"495\" height=\"400\"  title='Piston Ete\u011fi (6)' alt='' srcset=\"https:\/\/cag-mak.com\/wp-content\/uploads\/2019\/11\/Piston-Ete\u011fi-6-495x400.jpg 495w, https:\/\/cag-mak.com\/wp-content\/uploads\/2019\/11\/Piston-Ete\u011fi-6-845x684.jpg 845w\" sizes=\"(max-width: 495px) 100vw, 495px\" \/><\/a> <a href=\"https:\/\/cag-mak.com\/wp-content\/uploads\/2019\/11\/P8310051-1030x773.jpg\" data-srcset=\"https:\/\/cag-mak.com\/wp-content\/uploads\/2019\/11\/P8310051-1030x773.jpg 1030w, https:\/\/cag-mak.com\/wp-content\/uploads\/2019\/11\/P8310051-300x225.jpg 300w, https:\/\/cag-mak.com\/wp-content\/uploads\/2019\/11\/P8310051-768x576.jpg 768w, https:\/\/cag-mak.com\/wp-content\/uploads\/2019\/11\/P8310051-1500x1125.jpg 1500w, https:\/\/cag-mak.com\/wp-content\/uploads\/2019\/11\/P8310051-705x529.jpg 705w, https:\/\/cag-mak.com\/wp-content\/uploads\/2019\/11\/P8310051-450x338.jpg 450w\" data-sizes=\"(max-width: 1030px) 100vw, 1030px\" data-rel='gallery-1' data-prev-img='https:\/\/cag-mak.com\/wp-content\/uploads\/2019\/11\/P8310051-495x400.jpg' class='lightbox ' data-onclick='4' title='P8310051'  itemprop=\"thumbnailUrl\"  ><img class=\"wp-image-346 avia-img-lazy-loading-not-346\"   src=\"https:\/\/cag-mak.com\/wp-content\/uploads\/2019\/11\/P8310051-495x400.jpg\" width=\"495\" height=\"400\"  title='P8310051' alt='' srcset=\"https:\/\/cag-mak.com\/wp-content\/uploads\/2019\/11\/P8310051-495x400.jpg 495w, https:\/\/cag-mak.com\/wp-content\/uploads\/2019\/11\/P8310051-845x684.jpg 845w\" sizes=\"(max-width: 495px) 100vw, 495px\" \/><\/a> <a href=\"https:\/\/cag-mak.com\/wp-content\/uploads\/2019\/11\/\u00c7amur-Sand\u0131\u011f\u0131-Filtresi-190-230mm.jpg\" data-srcset=\"https:\/\/cag-mak.com\/wp-content\/uploads\/2019\/11\/\u00c7amur-Sand\u0131\u011f\u0131-Filtresi-190-230mm.jpg 1024w, https:\/\/cag-mak.com\/wp-content\/uploads\/2019\/11\/\u00c7amur-Sand\u0131\u011f\u0131-Filtresi-190-230mm-300x225.jpg 300w, https:\/\/cag-mak.com\/wp-content\/uploads\/2019\/11\/\u00c7amur-Sand\u0131\u011f\u0131-Filtresi-190-230mm-768x576.jpg 768w, https:\/\/cag-mak.com\/wp-content\/uploads\/2019\/11\/\u00c7amur-Sand\u0131\u011f\u0131-Filtresi-190-230mm-705x529.jpg 705w, https:\/\/cag-mak.com\/wp-content\/uploads\/2019\/11\/\u00c7amur-Sand\u0131\u011f\u0131-Filtresi-190-230mm-450x338.jpg 450w\" data-sizes=\"(max-width: 1024px) 100vw, 1024px\" data-rel='gallery-1' data-prev-img='https:\/\/cag-mak.com\/wp-content\/uploads\/2019\/11\/\u00c7amur-Sand\u0131\u011f\u0131-Filtresi-190-230mm-495x400.jpg' class='lightbox ' data-onclick='5' title='\u00c7amur Sand\u0131\u011f\u0131 Filtresi (190-230mm)'  itemprop=\"thumbnailUrl\"  ><img class=\"wp-image-343 avia-img-lazy-loading-not-343\"   src=\"https:\/\/cag-mak.com\/wp-content\/uploads\/2019\/11\/\u00c7amur-Sand\u0131\u011f\u0131-Filtresi-190-230mm-495x400.jpg\" width=\"495\" height=\"400\"  title='\u00c7amur Sand\u0131\u011f\u0131 Filtresi (190-230mm)' alt='' srcset=\"https:\/\/cag-mak.com\/wp-content\/uploads\/2019\/11\/\u00c7amur-Sand\u0131\u011f\u0131-Filtresi-190-230mm-495x400.jpg 495w, https:\/\/cag-mak.com\/wp-content\/uploads\/2019\/11\/\u00c7amur-Sand\u0131\u011f\u0131-Filtresi-190-230mm-845x684.jpg 845w\" sizes=\"(max-width: 495px) 100vw, 495px\" \/><\/a> <a href=\"https:\/\/cag-mak.com\/wp-content\/uploads\/2019\/11\/Makara-Tel-\u00c7ap-620-Ulusoy-1-2.jpg\" data-srcset=\"https:\/\/cag-mak.com\/wp-content\/uploads\/2019\/11\/Makara-Tel-\u00c7ap-620-Ulusoy-1-2.jpg 1024w, https:\/\/cag-mak.com\/wp-content\/uploads\/2019\/11\/Makara-Tel-\u00c7ap-620-Ulusoy-1-2-300x225.jpg 300w, https:\/\/cag-mak.com\/wp-content\/uploads\/2019\/11\/Makara-Tel-\u00c7ap-620-Ulusoy-1-2-768x576.jpg 768w, https:\/\/cag-mak.com\/wp-content\/uploads\/2019\/11\/Makara-Tel-\u00c7ap-620-Ulusoy-1-2-705x529.jpg 705w, https:\/\/cag-mak.com\/wp-content\/uploads\/2019\/11\/Makara-Tel-\u00c7ap-620-Ulusoy-1-2-450x338.jpg 450w\" data-sizes=\"(max-width: 1024px) 100vw, 1024px\" data-rel='gallery-1' data-prev-img='https:\/\/cag-mak.com\/wp-content\/uploads\/2019\/11\/Makara-Tel-\u00c7ap-620-Ulusoy-1-2-495x400.jpg' class='first_thumb lightbox ' data-onclick='6' title='Makara Tel \u00c7ap 620 Ulusoy 1-2'  itemprop=\"thumbnailUrl\"  ><img class=\"wp-image-342 avia-img-lazy-loading-not-342\"   src=\"https:\/\/cag-mak.com\/wp-content\/uploads\/2019\/11\/Makara-Tel-\u00c7ap-620-Ulusoy-1-2-495x400.jpg\" width=\"495\" height=\"400\"  title='Makara Tel \u00c7ap 620 Ulusoy 1-2' alt='' srcset=\"https:\/\/cag-mak.com\/wp-content\/uploads\/2019\/11\/Makara-Tel-\u00c7ap-620-Ulusoy-1-2-495x400.jpg 495w, https:\/\/cag-mak.com\/wp-content\/uploads\/2019\/11\/Makara-Tel-\u00c7ap-620-Ulusoy-1-2-845x684.jpg 845w\" sizes=\"(max-width: 495px) 100vw, 495px\" \/><\/a><\/div><\/div><br \/>\n<section  class='av_textblock_section av-jzznaht2-2793975b4abf659b9db9456c2411872c '  itemscope=\"itemscope\" itemtype=\"https:\/\/schema.org\/CreativeWork\" ><div class='avia_textblock '  itemprop=\"text\" ><ul>\n<li>The latest tecnology and equipmnet are used in maintenance.<\/li>\n<li>Reports are prepered for each projects<\/li>\n<\/ul>\n<\/div><\/section><\/p><\/div><\/p>\n","protected":false},"excerpt":{"rendered":"","protected":false},"author":1,"featured_media":0,"parent":24,"menu_order":0,"comment_status":"closed","ping_status":"closed","template":"","meta":[],"_links":{"self":[{"href":"https:\/\/cag-mak.com\/en\/wp-json\/wp\/v2\/pages\/341"}],"collection":[{"href":"https:\/\/cag-mak.com\/en\/wp-json\/wp\/v2\/pages"}],"about":[{"href":"https:\/\/cag-mak.com\/en\/wp-json\/wp\/v2\/types\/page"}],"author":[{"embeddable":true,"href":"https:\/\/cag-mak.com\/en\/wp-json\/wp\/v2\/users\/1"}],"replies":[{"embeddable":true,"href":"https:\/\/cag-mak.com\/en\/wp-json\/wp\/v2\/comments?post=341"}],"version-history":[{"count":2,"href":"https:\/\/cag-mak.com\/en\/wp-json\/wp\/v2\/pages\/341\/revisions"}],"predecessor-version":[{"id":349,"href":"https:\/\/cag-mak.com\/en\/wp-json\/wp\/v2\/pages\/341\/revisions\/349"}],"up":[{"embeddable":true,"href":"https:\/\/cag-mak.com\/en\/wp-json\/wp\/v2\/pages\/24"}],"wp:attachment":[{"href":"https:\/\/cag-mak.com\/en\/wp-json\/wp\/v2\/media?parent=341"}],"curies":[{"name":"wp","href":"https:\/\/api.w.org\/{rel}","templated":true}]}}